{"id":1170,"date":"2018-10-01T13:10:05","date_gmt":"2018-10-01T13:10:05","guid":{"rendered":"https:\/\/vendingcup.eu\/about-us\/"},"modified":"2021-06-08T12:38:13","modified_gmt":"2021-06-08T10:38:13","slug":"qui-sommes-nous","status":"publish","type":"page","link":"https:\/\/vendingcup.eu\/fr\/qui-sommes-nous\/","title":{"rendered":"Qui sommes-nous"},"content":{"rendered":"\t\t<div data-elementor-type=\"wp-post\" data-elementor-id=\"1170\" class=\"elementor elementor-1170 elementor-7\">\n\t\t\t\t\t\t<section class=\"elementor-section elementor-top-section elementor-element elementor-element-494f570a elementor-section-height-min-height elementor-section-content-middle elementor-section-boxed elementor-section-height-default elementor-section-items-middle\" data-id=\"494f570a\" data-element_type=\"section\" data-settings=\"{&quot;background_background&quot;:&quot;classic&quot;,&quot;shape_divider_bottom&quot;:&quot;triangle&quot;}\">\n\t\t\t\t\t\t\t<div class=\"elementor-background-overlay\"><\/div>\n\t\t\t\t\t\t<div class=\"elementor-shape elementor-shape-bottom\" data-negative=\"false\">\n\t\t\t<svg xmlns=\"http:\/\/www.w3.org\/2000\/svg\" viewBox=\"0 0 1000 100\" preserveAspectRatio=\"none\">\n\t<path class=\"elementor-shape-fill\" d=\"M500,98.9L0,6.1V0h1000v6.1L500,98.9z\"\/>\n<\/svg>\t\t<\/div>\n\t\t\t\t\t<div class=\"elementor-container elementor-column-gap-extended\">\n\t\t\t\t\t<div class=\"elementor-column elementor-col-16 elementor-top-column elementor-element elementor-element-210c1c72\" data-id=\"210c1c72\" data-element_type=\"column\">\n\t\t\t<div class=\"elementor-widget-wrap\">\n\t\t\t\t\t\t\t<\/div>\n\t\t<\/div>\n\t\t\t\t<div class=\"elementor-column elementor-col-66 elementor-top-column elementor-element elementor-element-7866b56d\" data-id=\"7866b56d\" data-element_type=\"column\">\n\t\t\t<div class=\"elementor-widget-wrap elementor-element-populated\">\n\t\t\t\t\t\t<div class=\"elementor-element elementor-element-63ab5109 elementor-invisible elementor-widget elementor-widget-heading\" data-id=\"63ab5109\" data-element_type=\"widget\" data-settings=\"{&quot;_animation&quot;:&quot;fadeInDown&quot;}\" data-widget_type=\"heading.default\">\n\t\t\t\t<div class=\"elementor-widget-container\">\n\t\t\t<h3 class=\"elementor-heading-title elementor-size-default\">En savoir plus<\/h3>\t\t<\/div>\n\t\t\t\t<\/div>\n\t\t\t\t<div class=\"elementor-element elementor-element-af74da5 elementor-invisible elementor-widget elementor-widget-heading\" data-id=\"af74da5\" data-element_type=\"widget\" data-settings=\"{&quot;_animation&quot;:&quot;fadeInUp&quot;,&quot;_animation_delay&quot;:200}\" data-widget_type=\"heading.default\">\n\t\t\t\t<div class=\"elementor-widget-container\">\n\t\t\t<h1 class=\"elementor-heading-title elementor-size-default\">Qui sommes-nous<\/h1>\t\t<\/div>\n\t\t\t\t<\/div>\n\t\t\t\t\t<\/div>\n\t\t<\/div>\n\t\t\t\t<div class=\"elementor-column elementor-col-16 elementor-top-column elementor-element elementor-element-5dd45d67\" data-id=\"5dd45d67\" data-element_type=\"column\">\n\t\t\t<div class=\"elementor-widget-wrap\">\n\t\t\t\t\t\t\t<\/div>\n\t\t<\/div>\n\t\t\t\t\t<\/div>\n\t\t<\/section>\n\t\t\t\t<section class=\"elementor-section elementor-top-section elementor-element elementor-element-55eaae0 elementor-section-content-middle elementor-section-boxed elementor-section-height-default elementor-section-height-default\" data-id=\"55eaae0\" data-element_type=\"section\" data-settings=\"{&quot;background_background&quot;:&quot;classic&quot;}\">\n\t\t\t\t\t\t<div class=\"elementor-container elementor-column-gap-default\">\n\t\t\t\t\t<div class=\"elementor-column elementor-col-50 elementor-top-column elementor-element elementor-element-7a086c23\" data-id=\"7a086c23\" data-element_type=\"column\">\n\t\t\t<div class=\"elementor-widget-wrap elementor-element-populated\">\n\t\t\t\t\t\t<div class=\"elementor-element elementor-element-35b6804 elementor-widget elementor-widget-heading\" data-id=\"35b6804\" data-element_type=\"widget\" data-widget_type=\"heading.default\">\n\t\t\t\t<div class=\"elementor-widget-container\">\n\t\t\t<h6 class=\"elementor-heading-title elementor-size-default\">A propos des gobelets de<\/h6>\t\t<\/div>\n\t\t\t\t<\/div>\n\t\t\t\t<div class=\"elementor-element elementor-element-7270e588 elementor-widget elementor-widget-heading\" data-id=\"7270e588\" data-element_type=\"widget\" data-widget_type=\"heading.default\">\n\t\t\t\t<div class=\"elementor-widget-container\">\n\t\t\t<h2 class=\"elementor-heading-title elementor-size-default\">Euro Vending<\/h2>\t\t<\/div>\n\t\t\t\t<\/div>\n\t\t\t\t<div class=\"elementor-element elementor-element-3699ba87 elementor-widget-divider--view-line elementor-widget elementor-widget-divider\" data-id=\"3699ba87\" data-element_type=\"widget\" data-widget_type=\"divider.default\">\n\t\t\t\t<div class=\"elementor-widget-container\">\n\t\t\t\t\t<div class=\"elementor-divider\">\n\t\t\t<span class=\"elementor-divider-separator\">\n\t\t\t\t\t\t<\/span>\n\t\t<\/div>\n\t\t\t\t<\/div>\n\t\t\t\t<\/div>\n\t\t\t\t<div class=\"elementor-element elementor-element-14f97bd7 elementor-widget elementor-widget-text-editor\" data-id=\"14f97bd7\" data-element_type=\"widget\" data-widget_type=\"text-editor.default\">\n\t\t\t\t<div class=\"elementor-widget-container\">\n\t\t\t\t\t\t\t<p>Euro Vending EOOD a \u00e9t\u00e9 fond\u00e9e en 2003, mais l&rsquo;id\u00e9e et la r\u00e9alisation du projet li\u00e9 \u00e0 la production de gobelets en papier sont venues \u00e0 un stade ult\u00e9rieur du d\u00e9veloppement de l&rsquo;entreprise.<\/p><p>L&rsquo;observation et l&rsquo;analyse des changements, des tendances et des besoins du march\u00e9 nous ont amen\u00e9s \u00e0 porter une attention particuli\u00e8re au \u00ab gobelet en carton pour distributeurs automatiques \u00bb. Nous en avons r\u00e9alis\u00e9 le besoin &#8211; une tasse de papier pour boissons chaudes qui doit r\u00e9pondre \u00e0 des exigences sp\u00e9cifiques.<\/p><p>Nous sommes partis \u00e0 l&rsquo;aventure, pr\u00eats \u00e0 franchir toutes les \u00e9tapes n\u00e9cessaires pour cr\u00e9er un gobelet en papier sp\u00e9cifique pour les distributeurs automatiques selon nos id\u00e9es et notre vision, dans le seul but de fournir un produit r\u00e9pondant \u00e0 des exigences complexes. Nous avons ferm\u00e9 au maximum notre cercle d&rsquo;int\u00e9r\u00eats afin de rester concentr\u00e9s sur notre concept original, en ne proposant qu&rsquo;une tasse en deux tailles : 6,5 oz et 7,5 oz. L&rsquo;important pour nous est d&rsquo;offrir un produit de qualit\u00e9 fait de mat\u00e9riaux de haute qualit\u00e9. Un produit qui n&rsquo;a que les couleurs et les designs souhait\u00e9s sans cadres et bordures strictement d\u00e9finis. De cette fa\u00e7on, nous sommes en mesure de r\u00e9pondre \u00e0 chaque id\u00e9e ou de proposer une solution.<\/p>\t\t\t\t\t\t<\/div>\n\t\t\t\t<\/div>\n\t\t\t\t<div class=\"elementor-element elementor-element-ae63480 elementor-align-left elementor-mobile-align-center elementor-tablet-align-left elementor-widget elementor-widget-button\" data-id=\"ae63480\" data-element_type=\"widget\" data-widget_type=\"button.default\">\n\t\t\t\t<div class=\"elementor-widget-container\">\n\t\t\t\t\t<div class=\"elementor-button-wrapper\">\n\t\t\t<a class=\"elementor-button elementor-button-link elementor-size-sm\" href=\"https:\/\/vendingcup.eu\/fr\/contact\/\">\n\t\t\t\t\t\t<span class=\"elementor-button-content-wrapper\">\n\t\t\t\t\t\t\t\t\t<span class=\"elementor-button-text\">Contactez-nous<\/span>\n\t\t\t\t\t<\/span>\n\t\t\t\t\t<\/a>\n\t\t<\/div>\n\t\t\t\t<\/div>\n\t\t\t\t<\/div>\n\t\t\t\t\t<\/div>\n\t\t<\/div>\n\t\t\t\t<div class=\"elementor-column elementor-col-50 elementor-top-column elementor-element elementor-element-526bc6e\" data-id=\"526bc6e\" data-element_type=\"column\">\n\t\t\t<div class=\"elementor-widget-wrap elementor-element-populated\">\n\t\t\t\t\t\t<div class=\"elementor-element elementor-element-d00f339 elementor-widget elementor-widget-image\" data-id=\"d00f339\" data-element_type=\"widget\" data-widget_type=\"image.default\">\n\t\t\t\t<div class=\"elementor-widget-container\">\n\t\t\t\t\t\t\t\t\t\t\t\t\t<img fetchpriority=\"high\" decoding=\"async\" width=\"1000\" height=\"719\" src=\"https:\/\/vendingcup.eu\/wp-content\/uploads\/2020\/04\/about-us-01.jpg\" class=\"attachment-large size-large wp-image-1177\" alt=\"\" srcset=\"https:\/\/vendingcup.eu\/wp-content\/uploads\/2020\/04\/about-us-01.jpg 1000w, https:\/\/vendingcup.eu\/wp-content\/uploads\/2020\/04\/about-us-01-600x431.jpg 600w, https:\/\/vendingcup.eu\/wp-content\/uploads\/2020\/04\/about-us-01-300x216.jpg 300w, https:\/\/vendingcup.eu\/wp-content\/uploads\/2020\/04\/about-us-01-768x552.jpg 768w\" sizes=\"(max-width: 1000px) 100vw, 1000px\" \/>\t\t\t\t\t\t\t\t\t\t\t\t\t<\/div>\n\t\t\t\t<\/div>\n\t\t\t\t\t<\/div>\n\t\t<\/div>\n\t\t\t\t\t<\/div>\n\t\t<\/section>\n\t\t\t\t<\/div>\n\t\t","protected":false},"excerpt":{"rendered":"<p>En savoir plus Qui sommes-nous A propos des gobelets de Euro Vending Euro Vending EOOD a \u00e9t\u00e9 fond\u00e9e en 2003, mais l&rsquo;id\u00e9e et la r\u00e9alisation du projet li\u00e9 \u00e0 la production de gobelets en papier sont venues \u00e0 un stade ult\u00e9rieur du d\u00e9veloppement de l&rsquo;entreprise. L&rsquo;observation et l&rsquo;analyse des changements, des tendances et des besoins &hellip;<\/p>\n<p class=\"read-more\"> <a class=\"\" href=\"https:\/\/vendingcup.eu\/fr\/qui-sommes-nous\/\"> <span class=\"screen-reader-text\">Qui sommes-nous<\/span> Lire la suite\u00a0\u00bb<\/a><\/p>\n","protected":false},"author":2,"featured_media":0,"parent":0,"menu_order":2,"comment_status":"closed","ping_status":"closed","template":"","meta":{"site-sidebar-layout":"no-sidebar","site-content-layout":"page-builder","ast-main-header-display":"","ast-hfb-above-header-display":"","ast-hfb-below-header-display":"","ast-hfb-mobile-header-display":"","site-post-title":"disabled","ast-breadcrumbs-content":"","ast-featured-img":"disabled","footer-sml-layout":"","theme-transparent-header-meta":"default","adv-header-id-meta":"","stick-header-meta":"default","header-above-stick-meta":"","header-main-stick-meta":"","header-below-stick-meta":""},"_links":{"self":[{"href":"https:\/\/vendingcup.eu\/fr\/wp-json\/wp\/v2\/pages\/1170"}],"collection":[{"href":"https:\/\/vendingcup.eu\/fr\/wp-json\/wp\/v2\/pages"}],"about":[{"href":"https:\/\/vendingcup.eu\/fr\/wp-json\/wp\/v2\/types\/page"}],"author":[{"embeddable":true,"href":"https:\/\/vendingcup.eu\/fr\/wp-json\/wp\/v2\/users\/2"}],"replies":[{"embeddable":true,"href":"https:\/\/vendingcup.eu\/fr\/wp-json\/wp\/v2\/comments?post=1170"}],"version-history":[{"count":0,"href":"https:\/\/vendingcup.eu\/fr\/wp-json\/wp\/v2\/pages\/1170\/revisions"}],"wp:attachment":[{"href":"https:\/\/vendingcup.eu\/fr\/wp-json\/wp\/v2\/media?parent=1170"}],"curies":[{"name":"wp","href":"https:\/\/api.w.org\/{rel}","templated":true}]}}