{"id":1131,"date":"2020-04-29T17:07:41","date_gmt":"2020-04-29T17:07:41","guid":{"rendered":"https:\/\/vendingcup.eu\/privacy-policy\/"},"modified":"2021-06-08T11:44:09","modified_gmt":"2021-06-08T09:44:09","slug":"privacy-policy","status":"publish","type":"page","link":"https:\/\/vendingcup.eu\/fr\/privacy-policy\/","title":{"rendered":"Politique de confidentialit\u00e9"},"content":{"rendered":"\n<p><strong>Cookies<\/strong><\/p>\n\n\n\n<p>Afin que notre site fonctionne correctement, nous stockons parfois de petits fichiers de donn\u00e9es sur votre appareil, appel\u00e9s cookies. La plupart des sites Web utilisent cette m\u00e9thode.<\/p>\n\n\n\n<p><strong>Que sont-ils les cookies?<\/strong><\/p>\n\n\n\n<p>Les cookies sont de petits fichiers texte qui sont stock\u00e9s sur votre ordinateur ou appareil mobile lorsque vous visitez un site Web. Ils permettent au site Web de stocker vos actions et pr\u00e9f\u00e9rences (telles que le nom d&rsquo;utilisateur, la langue, la taille de la police et d&rsquo;autres param\u00e8tres d&rsquo;affichage) pendant une certaine p\u00e9riode de temps, de sorte que vous n&rsquo;ayez pas \u00e0 les saisir \u00e0 chaque fois que vous visitez le site ou passez d&rsquo;un\u0435 page \u00e0 l&rsquo;autre.<\/p>\n\n\n\n<p><strong>Comment utilisons-nous les cookies ?<\/strong><\/p>\n\n\n\n<p>Les cookies sont utilis\u00e9s pour stocker :<\/p>\n\n\n\n<ul><li>Vos param\u00e8tres d&rsquo;affichage, tels que les param\u00e8tres de contraste des couleurs ou la taille de police;<\/li><li>Des informations indiquant si vous avez d\u00e9j\u00e0 r\u00e9pondu \u00e0 un sondage sur l&rsquo;utilit\u00e9 du contenu du site, afin de ne pas \u00eatre redemand\u00e9 ;<\/li><li>Information indiquant si vous avez accept\u00e9 ou non l&rsquo;utilisation de cookies sur ce site.<\/li><li>De plus, certaines des vid\u00e9os int\u00e9gr\u00e9es sur nos pages utilisent \u00e9galement des cookies pour collecter des statistiques anonymes sur la fa\u00e7on dont vous \u00eates arriv\u00e9 sur la page et quelles vid\u00e9os vous avez regard\u00e9es.<\/li><\/ul>\n\n\n\n<p>L&rsquo;activation des cookies n&rsquo;est pas absolument n\u00e9cessaire au fonctionnement du site, mais elle contribuera \u00e0 une meilleure utilisation. Vous pouvez supprimer ou bloquer les cookies, mais si vous le faites, certaines fonctionnalit\u00e9s du site peuvent ne pas fonctionner correctement.<\/p>\n\n\n\n<p>L&rsquo;information relative aux cookies n&rsquo;est pas utilis\u00e9e pour vous identifier et les \u00e9chantillons de donn\u00e9es sont enti\u00e8rement sous notre contr\u00f4le. Les cookies ne sont pas utilis\u00e9s pour d;autres objectifs que ceux qui ont \u00e9t\u00e9 \u00e9num\u00e9r\u00e9s ici.<\/p>\n\n\n\n<p><strong>Comment contr\u00f4ler les cookies<\/strong><\/p>\n\n\n\n<p>Vous pouvez contr\u00f4ler et\/ou supprimer les cookies quand vous le souhaitez &#8211; pour plus d&rsquo;informations, cliquez <a aria-label=\"ici (opens in a new tab)\" href=\"https:\/\/www.webopedia.com\/TERM\/C\/cookie.html\" target=\"_blank\" rel=\"noreferrer noopener\" class=\"rank-math-link\"><strong>ici<\/strong><\/a>. Vous pouvez supprimer tous les cookies qui ont \u00e9t\u00e9 stock\u00e9s sur votre ordinateur et vous pouvez \u00e9galement configurer la plupart des navigateurs pour les bloquer. Cependant, si vous proc\u00e9dez ainsi, vous devrez peut-\u00eatre ajuster manuellement certains param\u00e8tres chaque fois que vous visitez un site, et certains services et fonctionnalit\u00e9s peuvent ne pas fonctionner.<\/p>\n\n\n\n<p><strong>CONSENTEMENT \u00c0 L&rsquo;UTILISATION DE COOKIES<\/strong><\/p>\n\n\n\n<p>Ce site utilise des cookies.<\/p>\n\n\n\n<p>Nous utilisons des cookies pour personnaliser le contenu et les publicit\u00e9s et pour analyser notre trafic. Nous partageons \u00e9galement les informations que nous recueillons sur votre utilisation de notre site Web avec les m\u00e9dias sociaux, les partenaires publicitaires et les partenaires d&rsquo;analyse qui peuvent combiner les informations que nous recueillons sur votre utilisation avec d&rsquo;autres informations qu&rsquo;ils ont collect\u00e9es sur votre utilisation de leurs services.<\/p>\n","protected":false},"excerpt":{"rendered":"<p>Cookies Afin que notre site fonctionne correctement, nous stockons parfois de petits fichiers de donn\u00e9es sur votre appareil, appel\u00e9s cookies. La plupart des sites Web utilisent cette m\u00e9thode. Que sont-ils les cookies? Les cookies sont de petits fichiers texte qui sont stock\u00e9s sur votre ordinateur ou appareil mobile lorsque vous visitez un site Web. Ils &hellip;<\/p>\n<p class=\"read-more\"> <a class=\"\" href=\"https:\/\/vendingcup.eu\/fr\/privacy-policy\/\"> <span class=\"screen-reader-text\">Politique de confidentialit\u00e9<\/span> Lire la suite\u00a0\u00bb<\/a><\/p>\n","protected":false},"author":1,"featured_media":0,"parent":0,"menu_order":0,"comment_status":"closed","ping_status":"open","template":"","meta":{"site-sidebar-layout":"default","site-content-layout":"default","ast-main-header-display":"","ast-hfb-above-header-display":"","ast-hfb-below-header-display":"","ast-hfb-mobile-header-display":"","site-post-title":"","ast-breadcrumbs-content":"","ast-featured-img":"","footer-sml-layout":"","theme-transparent-header-meta":"default","adv-header-id-meta":"","stick-header-meta":"default","header-above-stick-meta":"","header-main-stick-meta":"","header-below-stick-meta":""},"_links":{"self":[{"href":"https:\/\/vendingcup.eu\/fr\/wp-json\/wp\/v2\/pages\/1131"}],"collection":[{"href":"https:\/\/vendingcup.eu\/fr\/wp-json\/wp\/v2\/pages"}],"about":[{"href":"https:\/\/vendingcup.eu\/fr\/wp-json\/wp\/v2\/types\/page"}],"author":[{"embeddable":true,"href":"https:\/\/vendingcup.eu\/fr\/wp-json\/wp\/v2\/users\/1"}],"replies":[{"embeddable":true,"href":"https:\/\/vendingcup.eu\/fr\/wp-json\/wp\/v2\/comments?post=1131"}],"version-history":[{"count":0,"href":"https:\/\/vendingcup.eu\/fr\/wp-json\/wp\/v2\/pages\/1131\/revisions"}],"wp:attachment":[{"href":"https:\/\/vendingcup.eu\/fr\/wp-json\/wp\/v2\/media?parent=1131"}],"curies":[{"name":"wp","href":"https:\/\/api.w.org\/{rel}","templated":true}]}}